{"id":30857,"date":"2019-05-07T08:35:16","date_gmt":"2019-05-07T06:35:16","guid":{"rendered":"https:\/\/alfafara.es\/el-ayuntamiento\/equipo-de-gobienro\/"},"modified":"2020-05-18T09:13:45","modified_gmt":"2020-05-18T07:13:45","slug":"equipo-de-gobienro","status":"publish","type":"page","link":"https:\/\/www.alfafara.es\/es\/el-ayuntamiento\/equipo-de-gobienro\/","title":{"rendered":"Equipo de Gobierno"},"content":{"rendered":"<p>&nbsp;<\/p>\n<table class=\"responsive\">\n<thead>\n<tr style=\"background-color: #f3f3f3;\">\n<td><span style=\"color: #666666;\"><strong>Cargo<\/strong><\/span><\/td>\n<td><span style=\"color: #666666;\"><strong>Concejal<\/strong><\/span><\/td>\n<td><span style=\"color: #666666;\"><strong>Partido Pol\u00edtico<\/strong><\/span><\/td>\n<td><span style=\"color: #666666;\"><strong>Concejal\u00edas<\/strong><\/span><\/td>\n<\/tr>\n<\/thead>\n<tbody>\n<tr>\n<td><strong>Alcalde Presidente<\/strong><\/td>\n<td>Portavoz Titular<\/p>\n<p>D. Antonio Cloquell Tudela<\/td>\n<td>Gent x Alfafara<\/td>\n<td>Obras P\u00fablicas, Urbanismo y Patrimonio<\/td>\n<\/tr>\n<tr>\n<td><strong>Primer Teniente de Alcalde<\/strong><\/td>\n<td>D. Carlos Sanz Vicedo<\/td>\n<td>Gent x Alfafara<\/td>\n<td>Turismo, Cultura y Tecnolog\u00eda<\/td>\n<\/tr>\n<tr>\n<td><strong>Segundo Teniente de Alcalde<\/strong><\/td>\n<td>D. Enrique Tecles Blasco<\/td>\n<td>Gent x Alfafara<\/td>\n<td>Medio Ambiente, Agricultura, Deportes y Seguredad Ciudadana<\/td>\n<\/tr>\n<tr>\n<td><strong>Concejales<\/strong><\/td>\n<td>D\u00f1a. Raquel Garc\u00eda Vicedo<\/td>\n<td>Gent x Alfafara<\/td>\n<td>Educaci\u00f3n, Sanidad, Bienestar Social, Econom\u00eda y Hacienda<\/td>\n<\/tr>\n<tr>\n<td><\/td>\n<td>D\u00f1a. Mari Carmen Giron\u00e9s Segura<\/td>\n<td>Gent x Alfafara<\/td>\n<td>Fiestas y Juventud<\/td>\n<\/tr>\n<tr>\n<td><\/td>\n<td>D\u00f1a. Patricia Gonz\u00e1lez Satorres<\/td>\n<td>Comprom\u00eds<\/td>\n<td><\/td>\n<\/tr>\n<tr>\n<td><\/td>\n<td>D\u00f1a. Beatriz Belda Palacios<\/td>\n<td>PP<\/td>\n<td><\/td>\n<\/tr>\n<tr>\n<td><strong>Composici\u00f3n Especial de Cuentas<\/strong><\/td>\n<td><strong>Presidente<\/strong><\/p>\n<p>D. Antonio Cloquell Tudela<\/p>\n<p><strong>Vocales<\/strong><\/p>\n<p>D. Carlos Sanz Vicedo<\/p>\n<p>D\u00f1a. Raquel Garc\u00eda Vicedo<\/p>\n<p>D\u00f1a. Patricia Gonz\u00e1lez Satorres<\/p>\n<p>D\u00f1a. Beatriz Belda Palacios<\/td>\n<td><\/td>\n<td><\/td>\n<\/tr>\n<\/tbody>\n<\/table>\n<p>&nbsp;<\/p>\n<hr \/>\n<p>&nbsp;<\/p>\n<table class=\"responsive\">\n<tbody>\n<tr style=\"background-color: #f3f3f3;\">\n<td width=\"288\"><strong>ENTIDAD<\/strong><\/td>\n<td width=\"288\"><b>REPRESENTANTE<\/b><\/td>\n<\/tr>\n<tr>\n<td width=\"288\"><strong>Consorcio Provincial para el Servicio de Prevenci\u00f3n y Extinci\u00f3n de Incendios y Salvamento de Alicante<\/strong><\/td>\n<td width=\"288\"><strong>Titular: <\/strong>D. Enrique Tecles Blasco<\/p>\n<p><strong>Suplente: <\/strong>D. Antonio Cloquell Tudela<\/td>\n<\/tr>\n<tr>\n<td width=\"288\">\n<h5><strong>Mancomunitat el Xarpolar<\/strong><\/h5>\n<\/td>\n<td width=\"288\"><strong>Titular: <\/strong>D. Antonio Cloquell Tudela<\/p>\n<p><strong>Suplente: <\/strong>D. Enrique Tecles Blasco<\/td>\n<\/tr>\n<tr>\n<td width=\"288\">\n<h5><strong>Associaci\u00f3 Serra Mariola<\/strong><\/h5>\n<\/td>\n<td width=\"288\"><strong>Titular: <\/strong>D. Antonio Cloquell Tudela<\/p>\n<p><strong>Suplente: <\/strong>D. Carlos Sanz Vicedo<\/td>\n<\/tr>\n<tr>\n<td width=\"288\">\n<h5><strong>Fons Valenci\u00e0 per a la Solidaritat<\/strong><\/h5>\n<\/td>\n<td width=\"288\"><strong>Titular: <\/strong>D. Antonio Cloquell Tudela<\/p>\n<p><strong>Suplent: <\/strong>D\u00f1a. Raquel Garc\u00eda Vicedo<\/td>\n<\/tr>\n<tr>\n<td width=\"288\">\n<h5><strong>Centro de Desarrollo Rural CEDIR ALACANT<\/strong><\/h5>\n<\/td>\n<td width=\"288\"><strong>Titular:<\/strong> D. Antonio Cloquell Tudela<\/p>\n<p><strong>Suplente: <\/strong>D\u00f1a. Raquel Garc\u00eda Vicedo<\/td>\n<\/tr>\n<tr>\n<td width=\"288\">\n<h5><strong>Consejo Escolar<\/strong><\/h5>\n<\/td>\n<td width=\"288\"><strong>Titular:<\/strong> D\u00f1a. Raquel Garc\u00eda Vicedo<\/td>\n<\/tr>\n<tr>\n<td width=\"288\">\n<h5><strong>Parc Natural de la Serra Mariola<\/strong><\/h5>\n<\/td>\n<td width=\"288\"><strong>Titular:<\/strong> D. Enrique Tecles Blasco<\/p>\n<p><strong>Suplente: <\/strong>D. Antonio Cloquell Tudela<\/td>\n<\/tr>\n<tr>\n<td width=\"288\">\n<h5><strong>Consorcio para\u00a0 la ejecuci\u00f3n de las previsiones del Plano Zonal de Residuos de la Zona XIV<\/strong><\/h5>\n<\/td>\n<td width=\"288\"><strong>Titular: <\/strong>D. Enrique Tecles Blasco<\/p>\n<p><strong>Suplente: <\/strong>D. Antonio Cloquell Tudela<\/td>\n<\/tr>\n<tr>\n<td width=\"288\">\n<h5><strong>Mesa de contrataci\u00f3n y baremaci\u00f3n para la selecci\u00f3n de personal<\/strong><\/h5>\n<\/td>\n<td width=\"288\"><strong>Titular:<\/strong> D. Antonio Cloquell Tudela<\/p>\n<p><strong>Titular:<\/strong> D\u00f1a. Raquel Garc\u00eda Vicedo<\/p>\n<p><strong>Titular:<\/strong> D. Enrique Tecles Blasco<\/p>\n<p><strong>Titular:<\/strong> D\u00f1a. Mari Carmen Giron\u00e9s Segura<\/p>\n<p><strong>Titular:<\/strong> D. Carlos Sanz Vicedo<\/td>\n<\/tr>\n<tr>\n<td width=\"288\">\n<h5><strong>Mancomunitat L&#8217;Alcoi\u00e0-Comtat<\/strong><\/h5>\n<\/td>\n<td width=\"288\"><strong>Titular:<\/strong> D. Antonio Cloquell Tudela<\/p>\n<p><strong>Suplente:<\/strong> D. Carlos Sanz Vicedo<\/td>\n<\/tr>\n<tr>\n<td width=\"288\">\n<h5><strong>Mancomunitat Serveis Socials Mariola<\/strong><\/h5>\n<\/td>\n<td width=\"288\"><strong>Titular: <\/strong>D\u00f1a. Raquel Garc\u00eda Vicedo<\/td>\n<\/tr>\n<\/tbody>\n<\/table>\n<p>&nbsp;<\/p>\n","protected":false},"excerpt":{"rendered":"<p>&nbsp; Cargo Concejal Partido Pol\u00edtico Concejal\u00edas Alcalde Presidente Portavoz Titular D. Antonio Cloquell Tudela Gent x Alfafara Obras P\u00fablicas, Urbanismo y Patrimonio Primer Teniente de Alcalde D. Carlos Sanz Vicedo Gent x Alfafara Turismo, Cultura y Tecnolog\u00eda Segundo Teniente de Alcalde D. Enrique Tecles Blasco Gent x Alfafara Medio Ambiente, Agricultura, Deportes y Seguredad Ciudadana [&hellip;]<\/p>\n","protected":false},"author":1,"featured_media":0,"parent":30849,"menu_order":0,"comment_status":"closed","ping_status":"closed","template":"page-templates\/no-sidebar.php","meta":{"footnotes":""},"class_list":["post-30857","page","type-page","status-publish","hentry"],"_links":{"self":[{"href":"https:\/\/www.alfafara.es\/es\/wp-json\/wp\/v2\/pages\/30857","targetHints":{"allow":["GET"]}}],"collection":[{"href":"https:\/\/www.alfafara.es\/es\/wp-json\/wp\/v2\/pages"}],"about":[{"href":"https:\/\/www.alfafara.es\/es\/wp-json\/wp\/v2\/types\/page"}],"author":[{"embeddable":true,"href":"https:\/\/www.alfafara.es\/es\/wp-json\/wp\/v2\/users\/1"}],"replies":[{"embeddable":true,"href":"https:\/\/www.alfafara.es\/es\/wp-json\/wp\/v2\/comments?post=30857"}],"version-history":[{"count":8,"href":"https:\/\/www.alfafara.es\/es\/wp-json\/wp\/v2\/pages\/30857\/revisions"}],"predecessor-version":[{"id":31820,"href":"https:\/\/www.alfafara.es\/es\/wp-json\/wp\/v2\/pages\/30857\/revisions\/31820"}],"up":[{"embeddable":true,"href":"https:\/\/www.alfafara.es\/es\/wp-json\/wp\/v2\/pages\/30849"}],"wp:attachment":[{"href":"https:\/\/www.alfafara.es\/es\/wp-json\/wp\/v2\/media?parent=30857"}],"curies":[{"name":"wp","href":"https:\/\/api.w.org\/{rel}","templated":true}]}}