{"id":30876,"date":"2019-05-06T14:11:09","date_gmt":"2019-05-06T12:11:09","guid":{"rendered":"https:\/\/alfafara.es\/el-ayuntamiento\/saluda-de-la-alcaldesa\/"},"modified":"2021-11-10T17:49:23","modified_gmt":"2021-11-10T16:49:23","slug":"saluda-de-la-alcaldesa","status":"publish","type":"page","link":"https:\/\/www.alfafara.es\/es\/el-ayuntamiento\/saluda-de-la-alcaldesa\/","title":{"rendered":"Saluda al alcalde"},"content":{"rendered":"<p>Bienvenidas y bienvenidos a la web del Ayuntamiento de Alfafara,<\/p>\n<p>Es un honor poder dirigirme a todos vosotros como alcalde de Alfafara, con un equipo de gente joven y formada que por primera vez nos ponemos al frente del pueblo. En estos tiempos donde las nuevas tecnolog\u00edas y la comunicaci\u00f3n digital son esenciales en nuestro d\u00eda a d\u00eda, desde esta p\u00e1gina queremos haceros llegar de forma r\u00e1pida y \u00fatil toda la informaci\u00f3n del pueblo de Alfafara. Aqu\u00ed podr\u00e9is encontrar todo aquello que pasa cada d\u00eda y hacer tr\u00e1mites mediante la Sede Electr\u00f3nica.<\/p>\n<p>Para los visitantes que ven\u00eds a conocer nuestro pueblo, podr\u00e9is descubrir las fuentes, las cuevas, el poblado \u00cdbero y los paisajes m\u00e1s bonitos que tenemos a lo largo del t\u00e9rmino municipal. Nuestras fiestas que se celebran en agosto y noviembre, as\u00ed como nuestras tradiciones y cultura. Tambi\u00e9n podr\u00e9is acceder a los productos locales y una vez aqu\u00ed, disfrutar de la mejor gastronom\u00eda de Sierra Mariola que nos ofrecen nuestros bares y restaurantes.<\/p>\n<p>Un abanico de informaci\u00f3n de Alfafara tanto para nuestras vecinas y vecinos como para todos aquellos que nos quer\u00e1is visitar y disfrutar de la calidad de vida.<\/p>\n<p>&nbsp;<\/p>\n<p>El Alcalde<\/p>\n<p>Toni Cloquell Tudela<\/p>\n","protected":false},"excerpt":{"rendered":"<p>Bienvenidas y bienvenidos a la web del Ayuntamiento de Alfafara, Es un honor poder dirigirme a todos vosotros como alcalde de Alfafara, con un equipo de gente joven y formada que por primera vez nos ponemos al frente del pueblo. En estos tiempos donde las nuevas tecnolog\u00edas y la comunicaci\u00f3n digital son esenciales en nuestro [&hellip;]<\/p>\n","protected":false},"author":1,"featured_media":31556,"parent":30849,"menu_order":0,"comment_status":"closed","ping_status":"closed","template":"page-templates\/no-sidebar.php","meta":{"footnotes":""},"class_list":["post-30876","page","type-page","status-publish","has-post-thumbnail","hentry"],"_links":{"self":[{"href":"https:\/\/www.alfafara.es\/es\/wp-json\/wp\/v2\/pages\/30876","targetHints":{"allow":["GET"]}}],"collection":[{"href":"https:\/\/www.alfafara.es\/es\/wp-json\/wp\/v2\/pages"}],"about":[{"href":"https:\/\/www.alfafara.es\/es\/wp-json\/wp\/v2\/types\/page"}],"author":[{"embeddable":true,"href":"https:\/\/www.alfafara.es\/es\/wp-json\/wp\/v2\/users\/1"}],"replies":[{"embeddable":true,"href":"https:\/\/www.alfafara.es\/es\/wp-json\/wp\/v2\/comments?post=30876"}],"version-history":[{"count":8,"href":"https:\/\/www.alfafara.es\/es\/wp-json\/wp\/v2\/pages\/30876\/revisions"}],"predecessor-version":[{"id":33745,"href":"https:\/\/www.alfafara.es\/es\/wp-json\/wp\/v2\/pages\/30876\/revisions\/33745"}],"up":[{"embeddable":true,"href":"https:\/\/www.alfafara.es\/es\/wp-json\/wp\/v2\/pages\/30849"}],"wp:featuredmedia":[{"embeddable":true,"href":"https:\/\/www.alfafara.es\/es\/wp-json\/wp\/v2\/media\/31556"}],"wp:attachment":[{"href":"https:\/\/www.alfafara.es\/es\/wp-json\/wp\/v2\/media?parent=30876"}],"curies":[{"name":"wp","href":"https:\/\/api.w.org\/{rel}","templated":true}]}}