{"id":30913,"date":"2019-05-08T08:36:49","date_gmt":"2019-05-08T06:36:49","guid":{"rendered":"https:\/\/alfafara.es\/turismo\/"},"modified":"2021-08-26T09:31:53","modified_gmt":"2021-08-26T07:31:53","slug":"turismo","status":"publish","type":"page","link":"https:\/\/www.alfafara.es\/es\/turismo\/","title":{"rendered":"Turismo"},"content":{"rendered":"<p>El nombre de Alfafara proviene seguramente de la voz \u00e1rabe Alfawara: <strong>\u201cmanantial de agua que fluye con fuerza\u201d<\/strong>. En su t\u00e9rmino municipal (20,41 km2) se cuentan m\u00e1s de 85 fuentes. El pueblo de Alfafara, enclavado al extremo occidental de la Valleta de Agres, a los pies de la Serra Mariola, est\u00e1 rodeado de monta\u00f1as de cierta altura: el pico del Port\u00edn (1081m) al sur, y la Solana (642m), al norte. Pertenece en la comarca del Condado y se encuentra situado al norte de la provincia de Alicante.<\/p>\n<div class=\"verde section-destacada\" style=\"background-color: #008001;\">\n<h3><span style=\"color: #ffffff;\">INFORMACI\u00d3N GENERAL<\/span><\/h3>\n<p><span style=\"color: #ffffff;\"><em>Conoce nuestra localizaci\u00f3n, como llegar y un poco m\u00e1s sobre nosotros.<\/em><\/span><br \/>\n<a href=\"\/?page_id=30381\"><span style=\"color: #ffffff;\">Leer m\u00e1s<\/span><\/a><\/p>\n<\/div>\n<div class=\"posts-turisme row\">\n<div class=\"col-md-4 post-turisme\">\n<h4 class=\"text-center\"><a href=\"\/?page_id=30878\"><img loading=\"lazy\" decoding=\"async\" class=\"size-medium wp-image-30095 aligncenter\" src=\"https:\/\/www.alfafara.es\/wp-content\/uploads\/2019\/05\/Alojamiento-300x200.jpg\" alt=\"\" width=\"300\" height=\"200\" \/><\/a><\/h4>\n<h4 class=\"text-center\"><a href=\"\/?page_id=30878\">Alojamiento<\/a><\/h4>\n<\/div>\n<div class=\"col-md-4 post-turisme\">\n<h4 class=\"text-center\"><a href=\"\/?page_id=30882\"><img loading=\"lazy\" decoding=\"async\" class=\"size-medium wp-image-30279 aligncenter\" src=\"https:\/\/www.alfafara.es\/wp-content\/uploads\/2019\/05\/paraguas-original-300x200.jpg\" alt=\"\" width=\"300\" height=\"200\" srcset=\"https:\/\/www.alfafara.es\/wp-content\/uploads\/2019\/05\/paraguas-original-300x200.jpg 300w, https:\/\/www.alfafara.es\/wp-content\/uploads\/2019\/05\/paraguas-original-768x512.jpg 768w, https:\/\/www.alfafara.es\/wp-content\/uploads\/2019\/05\/paraguas-original-1024x683.jpg 1024w, https:\/\/www.alfafara.es\/wp-content\/uploads\/2019\/05\/paraguas-original-1080x720.jpg 1080w, https:\/\/www.alfafara.es\/wp-content\/uploads\/2019\/05\/paraguas-original.jpg 1600w\" sizes=\"auto, (max-width: 300px) 100vw, 300px\" \/><\/a><\/h4>\n<h4 class=\"text-center\"><a href=\"\/?page_id=30882\">Fiestas<\/a><\/h4>\n<\/div>\n<div class=\"col-md-4 post-turisme\">\n<h4 class=\"text-center\"><a href=\"\/?page_id=30886\"><img loading=\"lazy\" decoding=\"async\" class=\"size-medium wp-image-30253 aligncenter\" src=\"https:\/\/www.alfafara.es\/wp-content\/uploads\/2019\/05\/camara1-300x200.jpg\" alt=\"Camera de fotos\" width=\"300\" height=\"200\" srcset=\"https:\/\/www.alfafara.es\/wp-content\/uploads\/2019\/05\/camara1-300x200.jpg 300w, https:\/\/www.alfafara.es\/wp-content\/uploads\/2019\/05\/camara1-768x512.jpg 768w, https:\/\/www.alfafara.es\/wp-content\/uploads\/2019\/05\/camara1-1024x683.jpg 1024w, https:\/\/www.alfafara.es\/wp-content\/uploads\/2019\/05\/camara1-1080x720.jpg 1080w, https:\/\/www.alfafara.es\/wp-content\/uploads\/2019\/05\/camara1.jpg 1350w\" sizes=\"auto, (max-width: 300px) 100vw, 300px\" \/><\/a><\/h4>\n<h4 class=\"text-center\"><a href=\"\/?page_id=30886\">Fotos y multimedia<\/a><\/h4>\n<\/div>\n<div class=\"col-md-4 post-turisme\">\n<h4 class=\"text-center\"><a href=\"\/?page_id=30890\"><img loading=\"lazy\" decoding=\"async\" class=\"size-medium wp-image-30151 aligncenter\" src=\"https:\/\/www.alfafara.es\/wp-content\/uploads\/2019\/05\/gastronomia-1-300x200.jpg\" alt=\"gastronomia\" width=\"300\" height=\"200\" srcset=\"https:\/\/www.alfafara.es\/wp-content\/uploads\/2019\/05\/gastronomia-1-300x200.jpg 300w, https:\/\/www.alfafara.es\/wp-content\/uploads\/2019\/05\/gastronomia-1-768x512.jpg 768w, https:\/\/www.alfafara.es\/wp-content\/uploads\/2019\/05\/gastronomia-1-1024x683.jpg 1024w, https:\/\/www.alfafara.es\/wp-content\/uploads\/2019\/05\/gastronomia-1-1080x720.jpg 1080w\" sizes=\"auto, (max-width: 300px) 100vw, 300px\" \/><\/a><\/h4>\n<h4 class=\"text-center\"><a href=\"\/?page_id=30890\">Gastronom\u00eda<\/a><\/h4>\n<\/div>\n<div class=\"col-md-4 post-turisme\">\n<h4 class=\"text-center\"><a href=\"\/?page_id=30900\"><img loading=\"lazy\" decoding=\"async\" class=\"size-medium wp-image-30288 aligncenter\" src=\"https:\/\/www.alfafara.es\/wp-content\/uploads\/2019\/05\/patrimoni-cultural-300x169.jpg\" alt=\"\" width=\"300\" height=\"169\" srcset=\"https:\/\/www.alfafara.es\/wp-content\/uploads\/2019\/05\/patrimoni-cultural-300x169.jpg 300w, https:\/\/www.alfafara.es\/wp-content\/uploads\/2019\/05\/patrimoni-cultural-768x434.jpg 768w, https:\/\/www.alfafara.es\/wp-content\/uploads\/2019\/05\/patrimoni-cultural-1024x578.jpg 1024w, https:\/\/www.alfafara.es\/wp-content\/uploads\/2019\/05\/patrimoni-cultural-1080x610.jpg 1080w\" sizes=\"auto, (max-width: 300px) 100vw, 300px\" \/><\/a><\/h4>\n<h4 class=\"text-center\"><a href=\"\/?page_id=30900\">Patrimonio cultural<\/a><\/h4>\n<\/div>\n<div class=\"col-md-4 post-turisme\">\n<h4 class=\"text-center\"><a href=\"\/?page_id=31176\"><img loading=\"lazy\" decoding=\"async\" class=\"size-medium wp-image-30181 aligncenter\" src=\"https:\/\/www.alfafara.es\/wp-content\/uploads\/2019\/05\/turisme-actiu-300x169.jpg\" alt=\"turisme actiu\" width=\"300\" height=\"169\" srcset=\"https:\/\/www.alfafara.es\/wp-content\/uploads\/2019\/05\/turisme-actiu-300x169.jpg 300w, https:\/\/www.alfafara.es\/wp-content\/uploads\/2019\/05\/turisme-actiu-768x432.jpg 768w, https:\/\/www.alfafara.es\/wp-content\/uploads\/2019\/05\/turisme-actiu-1024x576.jpg 1024w, https:\/\/www.alfafara.es\/wp-content\/uploads\/2019\/05\/turisme-actiu-1080x608.jpg 1080w\" sizes=\"auto, (max-width: 300px) 100vw, 300px\" \/><\/a><\/h4>\n<h4 class=\"text-center\"><a href=\"\/?page_id=31176\">Turismo activo<\/a><\/h4>\n<\/div>\n<\/div>\n<p>&nbsp;<\/p>\n<div class=\"azul section-destacada\" style=\"background-color: #007cba;\">\n<h3><span style=\"color: #ffffff;\">ESTA ES NUESTRA HIST\u00d2RIA<\/span><\/h3>\n<p><span style=\"color: #ffffff;\"><em>Se tiene constancia de poblamientos primitivos, principalmente del eneol\u00edtico, la \u00e9poca de bronce y \u00edberos, asentados al t\u00e9rmino municipal\u2026<\/em><\/span><br \/>\n<span style=\"color: #ffffff;\"><a style=\"color: #ffffff;\" href=\"\/?page_id=30362\">Leer m\u00e1s<\/a><\/span><\/p>\n<\/div>\n<div class=\"last-section-turisme\" style=\"background-image: url('https:\/\/www.alfafara.es\/wp-content\/uploads\/2019\/05\/fons-a-alfafara.jpg');\">\n<p class=\"text-center\" style=\"text-align: center;\">En Alfafara, tan a la umbr\u00eda como la solana, se puede disfrutar de parajes tranquilos, relajantes, perfumados, silenciosos y de f\u00e1cil acceso; propicios para paseos o excursiones: la Virgen Mar\u00eda de la Luz, la Font de Carbonell , la Cueva de las Ventanas, el r\u00edo Pantanet, el Molino Rupestre, la Necr\u00f3polis del Mas del Pozo, el \u00e1rea Recreativa del Tarrag\u00f3, la cueva del Bolumini, los Taulellets, Cava del Port\u00edn, la Cava de D. Miguel, la fuente del Sacrist\u00e1n, la Cueva de la Font, la Pe\u00f1a lo Xorro y el Azud, son una excelente muestra.<\/p>\n<p style=\"text-align: center;\"><span style=\"color: white;\">M\u00e1s informaci\u00f3n en este folleto:<\/span><br \/>\n<a href=\"\/wp-content\/uploads\/2019\/05\/Gu\u00eda-Alfafara.pdf\"><img loading=\"lazy\" decoding=\"async\" class=\"size-full wp-image-30326 aligncenter\" src=\"https:\/\/www.alfafara.es\/wp-content\/uploads\/2019\/05\/alfafara-et_sorpendra-1.png\" alt=\"\" width=\"234\" height=\"234\" srcset=\"https:\/\/www.alfafara.es\/wp-content\/uploads\/2019\/05\/alfafara-et_sorpendra-1.png 234w, https:\/\/www.alfafara.es\/wp-content\/uploads\/2019\/05\/alfafara-et_sorpendra-1-150x150.png 150w\" sizes=\"auto, (max-width: 234px) 100vw, 234px\" \/><\/a><\/p>\n<\/div>\n","protected":false},"excerpt":{"rendered":"<p>El nombre de Alfafara proviene seguramente de la voz \u00e1rabe Alfawara: \u201cmanantial de agua que fluye con fuerza\u201d. En su t\u00e9rmino municipal (20,41 km2) se cuentan m\u00e1s de 85 fuentes. El pueblo de Alfafara, enclavado al extremo occidental de la Valleta de Agres, a los pies de la Serra Mariola, est\u00e1 rodeado de monta\u00f1as de [&hellip;]<\/p>\n","protected":false},"author":1,"featured_media":34089,"parent":0,"menu_order":0,"comment_status":"closed","ping_status":"closed","template":"page-templates\/no-sidebar.php","meta":{"footnotes":""},"class_list":["post-30913","page","type-page","status-publish","has-post-thumbnail","hentry"],"_links":{"self":[{"href":"https:\/\/www.alfafara.es\/es\/wp-json\/wp\/v2\/pages\/30913","targetHints":{"allow":["GET"]}}],"collection":[{"href":"https:\/\/www.alfafara.es\/es\/wp-json\/wp\/v2\/pages"}],"about":[{"href":"https:\/\/www.alfafara.es\/es\/wp-json\/wp\/v2\/types\/page"}],"author":[{"embeddable":true,"href":"https:\/\/www.alfafara.es\/es\/wp-json\/wp\/v2\/users\/1"}],"replies":[{"embeddable":true,"href":"https:\/\/www.alfafara.es\/es\/wp-json\/wp\/v2\/comments?post=30913"}],"version-history":[{"count":5,"href":"https:\/\/www.alfafara.es\/es\/wp-json\/wp\/v2\/pages\/30913\/revisions"}],"predecessor-version":[{"id":33387,"href":"https:\/\/www.alfafara.es\/es\/wp-json\/wp\/v2\/pages\/30913\/revisions\/33387"}],"wp:featuredmedia":[{"embeddable":true,"href":"https:\/\/www.alfafara.es\/es\/wp-json\/wp\/v2\/media\/34089"}],"wp:attachment":[{"href":"https:\/\/www.alfafara.es\/es\/wp-json\/wp\/v2\/media?parent=30913"}],"curies":[{"name":"wp","href":"https:\/\/api.w.org\/{rel}","templated":true}]}}